{"id":79,"date":"2019-10-28T12:22:38","date_gmt":"2019-10-28T12:22:38","guid":{"rendered":"https:\/\/themes.muffingroup.com\/be\/eco3\/?page_id=8"},"modified":"2026-04-29T12:46:27","modified_gmt":"2026-04-29T12:46:27","slug":"empresa","status":"publish","type":"page","link":"https:\/\/opendobrasil.com\/home\/empresa\/","title":{"rendered":"EMPRESA"},"content":{"rendered":"\t\t<div data-elementor-type=\"wp-page\" data-elementor-id=\"79\" class=\"elementor elementor-79\">\n\t\t\t\t\t\t<section class=\"elementor-section elementor-top-section elementor-element elementor-element-71a014d elementor-section-stretched elementor-section-boxed elementor-section-height-default elementor-section-height-default\" data-id=\"71a014d\" data-element_type=\"section\" data-e-type=\"section\" data-settings=\"{&quot;stretch_section&quot;:&quot;section-stretched&quot;,&quot;background_background&quot;:&quot;classic&quot;}\">\n\t\t\t\t\t\t<div class=\"elementor-container elementor-column-gap-no\">\n\t\t\t\t\t<div class=\"elementor-column elementor-col-50 elementor-top-column elementor-element elementor-element-33c9410\" data-id=\"33c9410\" data-element_type=\"column\" data-e-type=\"column\">\n\t\t\t<div class=\"elementor-widget-wrap elementor-element-populated\">\n\t\t\t\t\t\t<section class=\"elementor-section elementor-inner-section elementor-element elementor-element-4c4f4da elementor-section-boxed elementor-section-height-default elementor-section-height-default\" data-id=\"4c4f4da\" data-element_type=\"section\" data-e-type=\"section\">\n\t\t\t\t\t\t<div class=\"elementor-container elementor-column-gap-default\">\n\t\t\t\t\t<div class=\"elementor-column elementor-col-100 elementor-inner-column elementor-element elementor-element-cc37e55\" data-id=\"cc37e55\" data-element_type=\"column\" data-e-type=\"column\">\n\t\t\t<div class=\"elementor-widget-wrap elementor-element-populated\">\n\t\t\t\t\t\t<div class=\"elementor-element elementor-element-156747f elementor-widget elementor-widget-text-editor\" data-id=\"156747f\" data-element_type=\"widget\" data-e-type=\"widget\" data-widget_type=\"text-editor.default\">\n\t\t\t\t<div class=\"elementor-widget-container\">\n\t\t\t\t\t\t\t\t\t<h5 class=\"themecolor\">NOSSA EMPRESA<\/h5>\t\t\t\t\t\t\t\t<\/div>\n\t\t\t\t<\/div>\n\t\t\t\t<div class=\"elementor-element elementor-element-e336cc1 elementor-widget elementor-widget-text-editor\" data-id=\"e336cc1\" data-element_type=\"widget\" data-e-type=\"widget\" data-widget_type=\"text-editor.default\">\n\t\t\t\t<div class=\"elementor-widget-container\">\n\t\t\t\t\t\t\t\t\t<h2>A \u00d3PEN DATA ITALY<\/h2>\t\t\t\t\t\t\t\t<\/div>\n\t\t\t\t<\/div>\n\t\t\t\t<div class=\"elementor-element elementor-element-f24b760 elementor-widget elementor-widget-text-editor\" data-id=\"f24b760\" data-element_type=\"widget\" data-e-type=\"widget\" data-widget_type=\"text-editor.default\">\n\t\t\t\t<div class=\"elementor-widget-container\">\n\t\t\t\t\t\t\t\t\t<p>Iniciou na cidade italiana de Frosinone, com a produ\u00e7\u00e3o de etiquetadoras e edificadoras port\u00e1teis em 1989. Desde ent\u00e3o adquirimos uma vasta experi\u00eancia neste mercado.<\/p>\t\t\t\t\t\t\t\t<\/div>\n\t\t\t\t<\/div>\n\t\t\t\t\t<\/div>\n\t\t<\/div>\n\t\t\t\t\t<\/div>\n\t\t<\/section>\n\t\t\t\t<div class=\"elementor-element elementor-element-a41f0ca elementor-widget elementor-widget-image\" data-id=\"a41f0ca\" data-element_type=\"widget\" data-e-type=\"widget\" data-widget_type=\"image.default\">\n\t\t\t\t<div class=\"elementor-widget-container\">\n\t\t\t\t\t\t\t\t\t\t\t\t\t\t\t<img fetchpriority=\"high\" decoding=\"async\" width=\"780\" height=\"813\" src=\"https:\/\/opendobrasil.com\/home\/wp-content\/uploads\/2023\/09\/parque-industriao-open2.jpg\" class=\"attachment-large size-large wp-image-499\" alt=\"\" srcset=\"https:\/\/opendobrasil.com\/home\/wp-content\/uploads\/2023\/09\/parque-industriao-open2.jpg 780w, https:\/\/opendobrasil.com\/home\/wp-content\/uploads\/2023\/09\/parque-industriao-open2-288x300.jpg 288w, https:\/\/opendobrasil.com\/home\/wp-content\/uploads\/2023\/09\/parque-industriao-open2-768x800.jpg 768w, https:\/\/opendobrasil.com\/home\/wp-content\/uploads\/2023\/09\/parque-industriao-open2-140x146.jpg 140w, https:\/\/opendobrasil.com\/home\/wp-content\/uploads\/2023\/09\/parque-industriao-open2-48x50.jpg 48w, https:\/\/opendobrasil.com\/home\/wp-content\/uploads\/2023\/09\/parque-industriao-open2-72x75.jpg 72w\" sizes=\"(max-width: 780px) 100vw, 780px\" \/>\t\t\t\t\t\t\t\t\t\t\t\t\t\t\t<\/div>\n\t\t\t\t<\/div>\n\t\t\t\t\t<\/div>\n\t\t<\/div>\n\t\t\t\t<div class=\"elementor-column elementor-col-50 elementor-top-column elementor-element elementor-element-eddb0b5\" data-id=\"eddb0b5\" data-element_type=\"column\" data-e-type=\"column\">\n\t\t\t<div class=\"elementor-widget-wrap elementor-element-populated\">\n\t\t\t\t\t\t<section class=\"elementor-section elementor-inner-section elementor-element elementor-element-c53edea elementor-section-boxed elementor-section-height-default elementor-section-height-default\" data-id=\"c53edea\" data-element_type=\"section\" data-e-type=\"section\">\n\t\t\t\t\t\t<div class=\"elementor-container elementor-column-gap-default\">\n\t\t\t\t\t<div class=\"elementor-column elementor-col-100 elementor-inner-column elementor-element elementor-element-4b62e70\" data-id=\"4b62e70\" data-element_type=\"column\" data-e-type=\"column\">\n\t\t\t<div class=\"elementor-widget-wrap elementor-element-populated\">\n\t\t\t\t\t\t<div class=\"elementor-element elementor-element-b2914e5 elementor-widget elementor-widget-text-editor\" data-id=\"b2914e5\" data-element_type=\"widget\" data-e-type=\"widget\" data-widget_type=\"text-editor.default\">\n\t\t\t\t<div class=\"elementor-widget-container\">\n\t\t\t\t\t\t\t\t\t<p>Hoje exportamos para mais de 100 pa\u00edses em todo mundo. Nossa hist\u00f3ria no Brasil, iniciou em 1994, com parceiros e distribuidores, que nos proporcionou um fant\u00e1stico crescimento e nos tornamos l\u00edderes de mercado.<\/p><p>Em 2022, criamos a \u00d3pen do Brasil, trazendo a linha de montagem das etiquetadores, produzindo localmente as etiquetas e r\u00f3tulos. A \u00d3pen Franquias nos tornar\u00e1 presentes em todo territ\u00f3rio nacional.<\/p><p>A \u00d3pen do Brasil garantir\u00e1 aos parceiros\/clientes, o mesmo padr\u00e3o de qualidade \u00d3pen praticados na Europa e USA.<\/p><p><strong>NEG\u00d3CIOS<\/strong><br \/>Identifica\u00e7\u00e3o e comunica\u00e7\u00e3o visual de produtos.<\/p><p><strong>MISS\u00c3O<\/strong><br \/>Produzir e comercializar etiquetas e r\u00f3tulos auto adesivos, servi\u00e7os e acess\u00f3rios de identifica\u00e7\u00e3o.<\/p><p><strong>VIS\u00c3O<\/strong><br \/>Consolidar-se como refer\u00eancia de mercado.<\/p>\t\t\t\t\t\t\t\t<\/div>\n\t\t\t\t<\/div>\n\t\t\t\t\t<\/div>\n\t\t<\/div>\n\t\t\t\t\t<\/div>\n\t\t<\/section>\n\t\t\t\t\t<\/div>\n\t\t<\/div>\n\t\t\t\t\t<\/div>\n\t\t<\/section>\n\t\t\t\t<section class=\"elementor-section elementor-top-section elementor-element elementor-element-359c8ff elementor-section-stretched elementor-section-boxed elementor-section-height-default elementor-section-height-default\" data-id=\"359c8ff\" data-element_type=\"section\" data-e-type=\"section\" data-settings=\"{&quot;stretch_section&quot;:&quot;section-stretched&quot;,&quot;background_background&quot;:&quot;classic&quot;}\">\n\t\t\t\t\t\t<div class=\"elementor-container elementor-column-gap-wider\">\n\t\t\t\t\t<div class=\"elementor-column elementor-col-100 elementor-top-column elementor-element elementor-element-5985a12\" data-id=\"5985a12\" data-element_type=\"column\" data-e-type=\"column\">\n\t\t\t<div class=\"elementor-widget-wrap elementor-element-populated\">\n\t\t\t\t\t\t<section class=\"elementor-section elementor-inner-section elementor-element elementor-element-df985b3 elementor-section-boxed elementor-section-height-default elementor-section-height-default\" data-id=\"df985b3\" data-element_type=\"section\" data-e-type=\"section\">\n\t\t\t\t\t\t<div class=\"elementor-container elementor-column-gap-default\">\n\t\t\t\t\t<div class=\"elementor-column elementor-col-100 elementor-inner-column elementor-element elementor-element-560371c\" data-id=\"560371c\" data-element_type=\"column\" data-e-type=\"column\">\n\t\t\t<div class=\"elementor-widget-wrap elementor-element-populated\">\n\t\t\t\t\t\t<div class=\"elementor-element elementor-element-5db4a0c elementor-widget elementor-widget-text-editor\" data-id=\"5db4a0c\" data-element_type=\"widget\" data-e-type=\"widget\" data-widget_type=\"text-editor.default\">\n\t\t\t\t<div class=\"elementor-widget-container\">\n\t\t\t\t\t\t\t\t\t<h5 class=\"themecolor\">FALE CONOSCO<\/h5>\t\t\t\t\t\t\t\t<\/div>\n\t\t\t\t<\/div>\n\t\t\t\t<div class=\"elementor-element elementor-element-ec1df88 elementor-widget elementor-widget-text-editor\" data-id=\"ec1df88\" data-element_type=\"widget\" data-e-type=\"widget\" data-widget_type=\"text-editor.default\">\n\t\t\t\t<div class=\"elementor-widget-container\">\n\t\t\t\t\t\t\t\t\t<h2><span style=\"color: #ffffff;\">FALE COM UM DE NOSSOS<\/span> <span class=\"themecolor\">ESPECIALISTAS<\/span><\/h2>\t\t\t\t\t\t\t\t<\/div>\n\t\t\t\t<\/div>\n\t\t\t\t\t<\/div>\n\t\t<\/div>\n\t\t\t\t\t<\/div>\n\t\t<\/section>\n\t\t\t\t<section class=\"elementor-section elementor-inner-section elementor-element elementor-element-7204783 elementor-section-boxed elementor-section-height-default elementor-section-height-default\" data-id=\"7204783\" data-element_type=\"section\" data-e-type=\"section\">\n\t\t\t\t\t\t<div class=\"elementor-container elementor-column-gap-narrow\">\n\t\t\t\t\t<div class=\"elementor-column elementor-col-50 elementor-inner-column elementor-element elementor-element-4e5c377\" data-id=\"4e5c377\" data-element_type=\"column\" data-e-type=\"column\">\n\t\t\t<div class=\"elementor-widget-wrap elementor-element-populated\">\n\t\t\t\t\t\t<div class=\"elementor-element elementor-element-e38d984 elementor-align-right elementor-mobile-align-center elementor-widget elementor-widget-button\" data-id=\"e38d984\" data-element_type=\"widget\" data-e-type=\"widget\" data-widget_type=\"button.default\">\n\t\t\t\t<div class=\"elementor-widget-container\">\n\t\t\t\t\t\t\t\t\t<div class=\"elementor-button-wrapper\">\n\t\t\t\t\t<a class=\"elementor-button elementor-button-link elementor-size-sm\" href=\"https:\/\/opendobrasil.com\/home\/contato\/\">\n\t\t\t\t\t\t<span class=\"elementor-button-content-wrapper\">\n\t\t\t\t\t\t\t\t\t<span class=\"elementor-button-text\">CONTATO FORMUL\u00c1RIO<\/span>\n\t\t\t\t\t<\/span>\n\t\t\t\t\t<\/a>\n\t\t\t\t<\/div>\n\t\t\t\t\t\t\t\t<\/div>\n\t\t\t\t<\/div>\n\t\t\t\t\t<\/div>\n\t\t<\/div>\n\t\t\t\t<div class=\"elementor-column elementor-col-50 elementor-inner-column elementor-element elementor-element-f2bf099\" data-id=\"f2bf099\" data-element_type=\"column\" data-e-type=\"column\">\n\t\t\t<div class=\"elementor-widget-wrap elementor-element-populated\">\n\t\t\t\t\t\t<div class=\"elementor-element elementor-element-ab23af5 elementor-align-left elementor-mobile-align-center elementor-widget elementor-widget-button\" data-id=\"ab23af5\" data-element_type=\"widget\" data-e-type=\"widget\" data-widget_type=\"button.default\">\n\t\t\t\t<div class=\"elementor-widget-container\">\n\t\t\t\t\t\t\t\t\t<div class=\"elementor-button-wrapper\">\n\t\t\t\t\t<a class=\"elementor-button elementor-button-link elementor-size-sm\" href=\"https:\/\/api.whatsapp.com\/send?phone=553136656007&#038;text=Quero%20falar%20com%20um%20especialista.%20\">\n\t\t\t\t\t\t<span class=\"elementor-button-content-wrapper\">\n\t\t\t\t\t\t\t\t\t<span class=\"elementor-button-text\">WHATSAPP<\/span>\n\t\t\t\t\t<\/span>\n\t\t\t\t\t<\/a>\n\t\t\t\t<\/div>\n\t\t\t\t\t\t\t\t<\/div>\n\t\t\t\t<\/div>\n\t\t\t\t\t<\/div>\n\t\t<\/div>\n\t\t\t\t\t<\/div>\n\t\t<\/section>\n\t\t\t\t\t<\/div>\n\t\t<\/div>\n\t\t\t\t\t<\/div>\n\t\t<\/section>\n\t\t\t\t<\/div>\n\t\t","protected":false},"excerpt":{"rendered":"<p>NOSSA EMPRESA A \u00d3PEN DATA ITALY Iniciou na cidade italiana de Frosinone, com a produ\u00e7\u00e3o de etiquetadoras e edificadoras port\u00e1teis em 1989. Desde ent\u00e3o adquirimos uma<span class=\"excerpt-hellip\"> [\u2026]<\/span><\/p>\n","protected":false},"author":1,"featured_media":0,"parent":0,"menu_order":0,"comment_status":"open","ping_status":"closed","template":"","meta":{"footnotes":""},"class_list":["post-79","page","type-page","status-publish","hentry"],"aioseo_notices":[],"_links":{"self":[{"href":"https:\/\/opendobrasil.com\/home\/wp-json\/wp\/v2\/pages\/79","targetHints":{"allow":["GET"]}}],"collection":[{"href":"https:\/\/opendobrasil.com\/home\/wp-json\/wp\/v2\/pages"}],"about":[{"href":"https:\/\/opendobrasil.com\/home\/wp-json\/wp\/v2\/types\/page"}],"author":[{"embeddable":true,"href":"https:\/\/opendobrasil.com\/home\/wp-json\/wp\/v2\/users\/1"}],"replies":[{"embeddable":true,"href":"https:\/\/opendobrasil.com\/home\/wp-json\/wp\/v2\/comments?post=79"}],"version-history":[{"count":52,"href":"https:\/\/opendobrasil.com\/home\/wp-json\/wp\/v2\/pages\/79\/revisions"}],"predecessor-version":[{"id":591,"href":"https:\/\/opendobrasil.com\/home\/wp-json\/wp\/v2\/pages\/79\/revisions\/591"}],"wp:attachment":[{"href":"https:\/\/opendobrasil.com\/home\/wp-json\/wp\/v2\/media?parent=79"}],"curies":[{"name":"wp","href":"https:\/\/api.w.org\/{rel}","templated":true}]}}