{"id":515,"date":"2023-11-10T12:47:45","date_gmt":"2023-11-10T12:47:45","guid":{"rendered":"https:\/\/opendobrasil.com\/home\/?page_id=515"},"modified":"2025-06-23T22:09:08","modified_gmt":"2025-06-23T22:09:08","slug":"garantia-vitalicia","status":"publish","type":"page","link":"https:\/\/opendobrasil.com\/home\/garantia-vitalicia\/","title":{"rendered":"GARANTIA VITAL\u00cdCIA"},"content":{"rendered":"\t\t<div data-elementor-type=\"wp-page\" data-elementor-id=\"515\" class=\"elementor elementor-515\">\n\t\t\t\t\t\t<section class=\"elementor-section elementor-top-section elementor-element elementor-element-f3e8af9 elementor-section-boxed elementor-section-height-default elementor-section-height-default\" data-id=\"f3e8af9\" data-element_type=\"section\" data-e-type=\"section\">\n\t\t\t\t\t\t<div class=\"elementor-container elementor-column-gap-default\">\n\t\t\t\t\t<div class=\"elementor-column elementor-col-100 elementor-top-column elementor-element elementor-element-eb1149a\" data-id=\"eb1149a\" data-element_type=\"column\" data-e-type=\"column\">\n\t\t\t<div class=\"elementor-widget-wrap elementor-element-populated\">\n\t\t\t\t\t\t<div class=\"elementor-element elementor-element-eb04392 elementor-widget elementor-widget-shortcode\" data-id=\"eb04392\" data-element_type=\"widget\" data-e-type=\"widget\" data-widget_type=\"shortcode.default\">\n\t\t\t\t<div class=\"elementor-widget-container\">\n\t\t\t\t\t\t\t<div class=\"elementor-shortcode\">\n<div class=\"wpcf7 no-js\" id=\"wpcf7-f517-o1\" lang=\"pt-BR\" dir=\"ltr\" data-wpcf7-id=\"517\">\n<div class=\"screen-reader-response\"><p role=\"status\" aria-live=\"polite\" aria-atomic=\"true\"><\/p> <ul><\/ul><\/div>\n<form action=\"\/home\/wp-json\/wp\/v2\/pages\/515#wpcf7-f517-o1\" method=\"post\" class=\"wpcf7-form init\" aria-label=\"Formul\u00e1rios de contato\" novalidate=\"novalidate\" data-status=\"init\">\n<fieldset class=\"hidden-fields-container\"><input type=\"hidden\" name=\"_wpcf7\" value=\"517\" \/><input type=\"hidden\" name=\"_wpcf7_version\" value=\"6.1.5\" \/><input type=\"hidden\" name=\"_wpcf7_locale\" value=\"pt_BR\" \/><input type=\"hidden\" name=\"_wpcf7_unit_tag\" value=\"wpcf7-f517-o1\" \/><input type=\"hidden\" name=\"_wpcf7_container_post\" value=\"0\" \/><input type=\"hidden\" name=\"_wpcf7_posted_data_hash\" value=\"\" \/>\n<\/fieldset>\n<p><b>REGRAS DE VALIDA\u00c7\u00c3O PARA GARANTIA VITAL\u00cdCIA PARA EQUIPAMENTO OPEN DO BRASIL.<\/b><br \/>\nEste termo de Garantia Vital\u00edcia \u00e9 celebrado entre: OPEN DO BRASIL E TITULAR DO EQUIPAMENTO\n<\/p>\n<div class=\"column one-second\">\n\t<p><span class=\"wpcf7-form-control-wrap\" data-name=\"your-name\"><input size=\"40\" maxlength=\"400\" class=\"wpcf7-form-control wpcf7-text wpcf7-validates-as-required\" aria-required=\"true\" aria-invalid=\"false\" placeholder=\"Nome\" value=\"\" type=\"text\" name=\"your-name\" \/><\/span>\n\t<\/p>\n<\/div>\n<div class=\"column one-second\">\n\t<p><span class=\"wpcf7-form-control-wrap\" data-name=\"your-email\"><input size=\"40\" maxlength=\"400\" class=\"wpcf7-form-control wpcf7-email wpcf7-validates-as-required wpcf7-text wpcf7-validates-as-email\" aria-required=\"true\" aria-invalid=\"false\" placeholder=\"E-mail\" value=\"\" type=\"email\" name=\"your-email\" \/><\/span>\n\t<\/p>\n<\/div>\n<div class=\"column one-second\">\n\t<p><span class=\"wpcf7-form-control-wrap\" data-name=\"your-phone\"><input size=\"40\" maxlength=\"400\" class=\"wpcf7-form-control wpcf7-tel wpcf7-text wpcf7-validates-as-tel phone\" aria-invalid=\"false\" placeholder=\"( ) ___-___\" value=\"\" type=\"tel\" name=\"your-phone\" \/><\/span>\n\t<\/p>\n<\/div>\n<div class=\"column one-second\">\n\t<p><span class=\"wpcf7-form-control-wrap\" data-name=\"CEP-em\"><input size=\"40\" maxlength=\"400\" class=\"wpcf7-form-control wpcf7-text\" aria-invalid=\"false\" placeholder=\"CEP\" value=\"\" type=\"text\" name=\"CEP-em\" \/><\/span>\n\t<\/p>\n<\/div>\n<div class=\"column one-second\">\n\t<p><span class=\"wpcf7-form-control-wrap\" data-name=\"your-cnpj\"><input size=\"40\" maxlength=\"400\" class=\"wpcf7-form-control wpcf7-text cnpj cf7cpfcnpj-cnpj\" aria-invalid=\"false\" placeholder=\"00.000.000\/0000-00\" value=\"\" type=\"text\" name=\"your-cnpj\" \/><\/span>\n\t<\/p>\n<\/div>\n<div class=\"column one-second\">\n\t<p><span class=\"wpcf7-form-control-wrap\" data-name=\"NFe-em\"><input size=\"40\" maxlength=\"400\" class=\"wpcf7-form-control wpcf7-text wpcf7-validates-as-required\" aria-required=\"true\" aria-invalid=\"false\" placeholder=\"N\u00famero da NF-e\" value=\"\" type=\"text\" name=\"NFe-em\" \/><\/span>\n\t<\/p>\n<\/div>\n<div class=\"column one\">\n\t<p><span class=\"wpcf7-form-control-wrap\" data-name=\"Ns-em\"><input size=\"40\" maxlength=\"400\" class=\"wpcf7-form-control wpcf7-text wpcf7-validates-as-required\" aria-required=\"true\" aria-invalid=\"false\" placeholder=\"N\u00famero de s\u00e9rie da etiquetadora\" value=\"\" type=\"text\" name=\"Ns-em\" \/><\/span>\n\t<\/p>\n<\/div>\n<p>Doravante referido como \"Propriet\u00e1rio do Equipamento\" ou \"Cliente\".\n<\/p>\n<p><b>1. OBJETO<\/b><br \/>\n1.1. Este Contrato estabelece os termos e condi\u00e7\u00f5es para a garantia vital\u00edcia dos equipamentos marca \u201cOPEN DO BRASIL\u201d adquiridos da \"TAMBASA ATACADISTA\", conforme regras definidas a seguir.\n<\/p>\n<p><b>2. REGRAS DA GARANTIA VITAL\u00cdCIA<\/b>\n<\/p>\n<p>2.1. Para que o Propriet\u00e1rio do Equipamento tenha direito \u00e0 garantia vital\u00edcia, o equipamento deve ter sido adquirido da \"TAMBASA ATACADISTA\".<br \/>\n2.2. Todos os insumos e pe\u00e7as de desgaste natural do uso, incluindo o rolete tinteiro, devem ser adquiridos exclusivamente da \"TAMBASA ATACADISTA\".<br \/>\n2.3. Caso seja constatado o uso de roletes tinteiro n\u00e3o originais da marca Open ou a aplica\u00e7\u00e3o de qualquer outro tipo de tinta, a garantia n\u00e3o ser\u00e1 v\u00e1lida, independentemente do cumprimento das regras anteriores.<br \/>\n2.4. A garantia vital\u00edcia n\u00e3o prevalecer\u00e1 se forem usadas etiquetas que n\u00e3o sejam originais da marca OPEN DO BRASIL, identificadas pelos tubetes personalizados com o logotipo da marca REGISTRADA \u201c OPEN DO BRASIL\u201d.<br \/>\n2.5. A pe\u00e7a denominada \"Rolete Tinteiro\" n\u00e3o est\u00e1 coberta pela garantia vital\u00edcia, visto que \u00e9 uma pe\u00e7a tintada e sujeita a desgaste natural devido ao uso regular.<br \/>\n2.6. Para que o Propriet\u00e1rio do Equipamento tenha pleno direito \u00e0 garantia vital\u00edcia, \u00e9 imprescind\u00edvel que todas as notas fiscais contendo produtos da marca OPEN DO BRASIL, sejam validadas no site oficial da OPEN DO BRASIL. O acesso ao site ser\u00e1 concedido mediante um login e senha exclusivos para cada Propriet\u00e1rio do Equipamento. Al\u00e9m disso, o suporte AUTOMATICO da Open do Brasil estar\u00e1 dispon\u00edvel 24 horas por dia, exceto em casos de manuten\u00e7\u00e3o programada.\n<\/p>\n<p><b>3. DIREITOS E OBRIGA\u00c7\u00d5ES<\/b>\n<\/p>\n<p>3.1. A OPEN DO BRASIL se compromete a fornecer suporte t\u00e9cnico e assist\u00eancia ao Propriet\u00e1rio do Equipamento de acordo com os termos deste Contrato.<br \/>\n3.2. O Propriet\u00e1rio do Equipamento concorda em seguir todas as regras estabelecidas neste Contrato para manter sua elegibilidade para a garantia vital\u00edcia.\n<\/p>\n<p><b>4. VIG\u00caNCIA<\/b>\n<\/p>\n<p>4.1. Este Contrato entra em vigor na data da aquisi\u00e7\u00e3o do equipamento e AP\u00d3S CADASTRO DO PROPRIETARIO DENTRO DO SITE \u2013www.opendobrasil.com ou em canais oficias da mesma, e permanecer\u00e1 em vigor enquanto o Propriet\u00e1rio do Equipamento cumprir todas as regras estabelecidas para a garantia vital\u00edcia.\n<\/p>\n<p><b>5. DISPOSI\u00c7\u00d5ES GERAIS<\/b>\n<\/p>\n<p>5.2. Este Contrato ser\u00e1 regido e interpretado de acordo com as leis do Brasil.<br \/>\nEste contrato estabelece claramente os termos e condi\u00e7\u00f5es para a garantia vital\u00edcia do equipamento e descreve as regras que o Propriet\u00e1rio do Equipamento deve seguir para manter sua elegibilidade para a garantia.\n<\/p>\n<p><b>O ACEITE POR PARTE DO PROPRIETARIO DO EQUIPAMENTO SE DARA EXCLUSIVAMENTE PELO CADASTRO NO SITE DA OPEN DO BRASIL, E ACEITE DOS TERMOS AP\u00d3S USO DE LOGIN E SENHA PESSOAL DE ACESSO.<br \/>\n<\/b>\n<\/p>\n<div class=\"column one\">\n\t<p><span class=\"wpcf7-form-control-wrap\" data-name=\"aceitar-garantia\"><span class=\"wpcf7-form-control wpcf7-acceptance\"><span class=\"wpcf7-list-item\"><label><input type=\"checkbox\" name=\"aceitar-garantia\" value=\"1\" aria-invalid=\"false\" \/><span class=\"wpcf7-list-item-label\">Aceito os termos do contrato<\/span><\/label><\/span><\/span><\/span>\n\t<\/p>\n<\/div>\n<div class=\"column one\">\n\t<p><input class=\"wpcf7-form-control wpcf7-submit has-spinner\" type=\"submit\" value=\"Enviar formul\u00e1rio\" \/>\n\t<\/p>\n<\/div><div class=\"wpcf7-response-output\" aria-hidden=\"true\"><\/div>\n<\/form>\n<\/div>\n<\/div>\n\t\t\t\t\t\t<\/div>\n\t\t\t\t<\/div>\n\t\t\t\t\t<\/div>\n\t\t<\/div>\n\t\t\t\t\t<\/div>\n\t\t<\/section>\n\t\t\t\t<\/div>\n\t\t","protected":false},"excerpt":{"rendered":"","protected":false},"author":1,"featured_media":0,"parent":0,"menu_order":0,"comment_status":"closed","ping_status":"closed","template":"","meta":{"footnotes":""},"class_list":["post-515","page","type-page","status-publish","hentry"],"aioseo_notices":[],"_links":{"self":[{"href":"https:\/\/opendobrasil.com\/home\/wp-json\/wp\/v2\/pages\/515","targetHints":{"allow":["GET"]}}],"collection":[{"href":"https:\/\/opendobrasil.com\/home\/wp-json\/wp\/v2\/pages"}],"about":[{"href":"https:\/\/opendobrasil.com\/home\/wp-json\/wp\/v2\/types\/page"}],"author":[{"embeddable":true,"href":"https:\/\/opendobrasil.com\/home\/wp-json\/wp\/v2\/users\/1"}],"replies":[{"embeddable":true,"href":"https:\/\/opendobrasil.com\/home\/wp-json\/wp\/v2\/comments?post=515"}],"version-history":[{"count":11,"href":"https:\/\/opendobrasil.com\/home\/wp-json\/wp\/v2\/pages\/515\/revisions"}],"predecessor-version":[{"id":574,"href":"https:\/\/opendobrasil.com\/home\/wp-json\/wp\/v2\/pages\/515\/revisions\/574"}],"wp:attachment":[{"href":"https:\/\/opendobrasil.com\/home\/wp-json\/wp\/v2\/media?parent=515"}],"curies":[{"name":"wp","href":"https:\/\/api.w.org\/{rel}","templated":true}]}}